{"id":259,"date":"2019-09-20T16:07:04","date_gmt":"2019-09-20T13:07:04","guid":{"rendered":"https:\/\/kauppa.kaurismaa.fi\/?page_id=259"},"modified":"2020-11-23T20:58:21","modified_gmt":"2020-11-23T18:58:21","slug":"lisenssiehdot","status":"publish","type":"page","link":"https:\/\/kauppa.kaurismaa.fi\/?page_id=259","title":{"rendered":"LISENSSI- JA MAKSUEHDOT"},"content":{"rendered":"\n<h1 class=\"wp-block-heading\">Lisenssiehdot<\/h1>\n\n\n\n<p><strong>Yleist\u00e4 (p\u00e4ivitetty 23.11.2020)<\/strong><\/p>\n\n\n\n<p>Sovelluksella tarkoitetaan t\u00e4ss\u00e4 Telkk\u00e4 (GoldenEye) -nimist\u00e4 (Android, Jolla, Windows Phone) sovellusta. Lisenssikoodilla tarkoitetaan kahdeksanmerkkist\u00e4 merkkijonoa, jonka voi ostaa sovelluksen tekij\u00e4lt\u00e4.<\/p>\n\n\n\n<p>Asentamalla sovelluksen hyv\u00e4ksyt n\u00e4m\u00e4 k\u00e4ytt\u00f6ehdot. Jos et halua hyv\u00e4ksy\u00e4 n\u00e4it\u00e4 ehtoja, sinun ei tule asentaa tai k\u00e4ytt\u00e4\u00e4 sovellusta.<br>N\u00e4m\u00e4 ehdot voivat muuttua ilman ennakkovaroitusta. On suositeltavaa, ett\u00e4 k\u00e4yt aika ajoin tarkistamassa n\u00e4m\u00e4 k\u00e4ytt\u00f6ehdot.<\/p>\n\n\n\n<p><strong>Vastuuvapaus<\/strong><\/p>\n\n\n\n<p>Sovelluksen tekij\u00e4 ei ota mink\u00e4\u00e4nlaista vastuuta v\u00e4litt\u00f6mist\u00e4 tai v\u00e4lillisist\u00e4 sovelluksen k\u00e4yt\u00f6st\u00e4. Otathan my\u00f6s huomioon, ettei mobiililaitteen n\u00e4pyttely ajaessa ole v\u00e4ltt\u00e4m\u00e4tt\u00e4 aina korvin turvallista. Sovelluksen tekij\u00e4 toki pyrkii tekem\u00e4\u00e4n sovelluksesta mahdollisimman turvallisen k\u00e4ytt\u00e4\u00e4.<br>Sovelluksessa esiintyvien tietojen k\u00e4ytt\u00e4minen on k\u00e4ytt\u00e4j\u00e4n omalla vastuulla. Esimerkiksi karttatiedot, nopeusrajoitukset, onnettomuustiedot ym. voivat sis\u00e4lt\u00e4\u00e4 virheellist\u00e4 tietoa.<br>K\u00e4ytt\u00e4j\u00e4n tulee huolehtia itse asianmukaisesta tietojen varmistamisesta, esimerkiksi siirt\u00e4m\u00e4ll\u00e4 ajop\u00e4iv\u00e4kirjan ja omien paikkamerkint\u00f6jen tiedot varmaan paikkaan export-toiminnolla.<\/p>\n\n\n\n<p><strong>Sovelluksen k\u00e4yt\u00f6n p\u00e4\u00e4tt\u00e4minen<\/strong><\/p>\n\n\n\n<p>K\u00e4ytt\u00e4j\u00e4 voi milloin tahansa perua kuukausitilauksen ilman perusteluita. Perumisohjeet l\u00f6ytyv\u00e4t Google Playsta ostetuista Android-versioista ostoskuitista. Maksettuja tilauksia ei hyvitet\u00e4.<\/p>\n\n\n\n<p><strong>Lisenssikoodi<\/strong><\/p>\n\n\n\n<p>Sovellusta voi k\u00e4ytt\u00e4\u00e4 my\u00f6s lisenssikoodin, esim (ABCD1234) avulla. Jos sinulla on k\u00e4ytt\u00f6\u00f6n oikeuttava lisenssikoodi, sinun tulee huolehtia, ett\u00e4 lisenssikoodi pysyy salassa. Samalla lisenssikoodilla, sama k\u00e4ytt\u00e4j\u00e4, saa k\u00e4ytt\u00e4\u00e4 korkeintaan kahta laitetta samaan aikaan. Esimerkiksi voit k\u00e4ytt\u00e4\u00e4 Sovellusta sek\u00e4 Android-puhelimessa ett\u00e4 Android Tabletissa. Tai Jolla-puhelimessa ja Windows-puhelimessa. Mutta et voi tehd\u00e4 niin, ett\u00e4 ostat yhden lisenssin ja asennat Telk\u00e4n viiteen eri laitteeseen ja k\u00e4yt\u00e4t niit\u00e4 jatkuvasti, esimerkiksi viikoittain (poislukien Google Playn kautta ostetut lisenssit Android puhelimissa).<br>Jos lisenssikoodia k\u00e4ytet\u00e4\u00e4n useammassa kuin kahdessa laitteessa, lisenssikoodi voidaan poistaa k\u00e4yt\u00f6st\u00e4 piratismin est\u00e4miseksi. Jos havaitset lisenssikoodin levinneen asiattomasti, ota yhteys s\u00e4hk\u00f6postitse android.timo@gmail.com uuden lisenssikoodin saamiseksi.<\/p>\n\n\n\n<p><strong>Yksityisyyslauseke<\/strong><\/p>\n\n\n\n<p>Sovelluksen k\u00e4yt\u00f6st\u00e4 ei ker\u00e4t\u00e4 k\u00e4ytt\u00e4j\u00e4n yksil\u00f6iv\u00e4\u00e4 dataa. Anonyymi\u00e4 dataa (mm k\u00e4ytt\u00f6tilastoja, virhedataa) ker\u00e4t\u00e4\u00e4n sovelluksen k\u00e4ytt\u00f6tilastojen saamiseksi ja bugien korjaamiseksi.<\/p>\n\n\n\n<p>Lisenssikaupan tietokantaan tallennetaan ostotapahtumasta s\u00e4hk\u00f6postiosoite (pakollinen tieto), etunimi, sukunimi ja yritys. Tiedot poistetaan, kun lisenssin voimassaoloaika loppuu (max 24kk). Tietoja s\u00e4ilytet\u00e4\u00e4n asianmukaisesti suojattuna eik\u00e4 niihin ole p\u00e4\u00e4sy\u00e4 muilla kuin yrityksen ty\u00f6ntekij\u00f6ill\u00e4.<br>Tietoja s\u00e4ilytet\u00e4\u00e4n mahdollisten vikatilanteiden selvitysten helpottamiseksi. Jos haluat tiet\u00e4\u00e4, mit\u00e4 tietoja sinusta on tallennettu tai haluat poistaa tietosi, ennen kuin lisenssin voimassaoloaika loppuu, l\u00e4het\u00e4 s\u00e4hk\u00f6postia osoitteeseen android.timo@gmail.com<\/p>\n\n\n\n<p><strong>Palautus- ja peruutusoikeus<\/strong><\/p>\n\n\n\n<p>Kuluttajalla on 14 p\u00e4iv\u00e4n palautusoikeus lisenssikoodille. 14 p\u00e4iv\u00e4n peruuttamisaika lasketaan lisenssin ostop\u00e4iv\u00e4st\u00e4 alkaen. Palautustapauksissa maksunpalautus tehd\u00e4\u00e4n tilauksessa k\u00e4ytetylle maksutavalle (ei esimerkiksi tilisiirtona). <\/p>\n\n\n\n<p>Peruutuksen voi tehd\u00e4 l\u00e4hett\u00e4m\u00e4ll\u00e4 s\u00e4hk\u00f6postia osoitteeseen android.timo@gmail.com<\/p>\n\n\n\n<p><strong>Muut ehdot<\/strong><\/p>\n\n\n\n<p>Sovellus k\u00e4ytt\u00e4\u00e4 runsaasti dataliikennett\u00e4 (karttalehdet, hirvialueet, matkakaveri-toiminto, nopeusrajoitukset, onnettomuustiedot jne.), joten kiinte\u00e4hintaisen tiedonsiirtopaketin hankkiminen on suositeltavaa.<br>Sovelluksen ominaisuudet voivat ajan kuluessa muuttua &#8211; uusia ominaisuuksia tulee lis\u00e4\u00e4, vanhoja voi poistua.<br>Sinun tulee my\u00f6s sitoutua siihen, ettet k\u00e4yt\u00e4 sovellusta mihink\u00e4\u00e4n lainvastaiseen tai hyvien tapojen vastaiseen tarkoitukseen.<\/p>\n\n\n\n<p>Lis\u00e4tietoja android.timo@gmail.com<\/p>\n\n\n\n<p><\/p>\n\n\n\n<h2 class=\"wp-block-heading\">MAKSUEHDOT<\/h2>\n\n\n\n<p>Maksettaessa checkout.fi palvelun kautta:<\/p>\n\n\n\n<p><a href=\"https:\/\/www.checkout.fi\/ehdot-ja-sopimukset\/maksuehdot\">https:\/\/www.checkout.fi\/ehdot-ja-sopimukset\/maksuehdot<\/a><\/p>\n\n\n<p><!--EndFragment--><\/p>","protected":false},"excerpt":{"rendered":"<p>Lisenssiehdot Yleist\u00e4 (p\u00e4ivitetty 23.11.2020) Sovelluksella tarkoitetaan t\u00e4ss\u00e4 Telkk\u00e4 (GoldenEye) -nimist\u00e4 (Android, Jolla, Windows Phone) sovellusta. Lisenssikoodilla tarkoitetaan kahdeksanmerkkist\u00e4 merkkijonoa, jonka voi ostaa sovelluksen tekij\u00e4lt\u00e4. Asentamalla sovelluksen hyv\u00e4ksyt n\u00e4m\u00e4 k\u00e4ytt\u00f6ehdot. Jos et halua hyv\u00e4ksy\u00e4 n\u00e4it\u00e4 ehtoja, sinun ei tule asentaa tai k\u00e4ytt\u00e4\u00e4 sovellusta.N\u00e4m\u00e4 ehdot voivat muuttua ilman ennakkovaroitusta. On suositeltavaa, ett\u00e4 k\u00e4yt aika ajoin tarkistamassa n\u00e4m\u00e4 &hellip; <\/p>\n<p class=\"link-more\"><a href=\"https:\/\/kauppa.kaurismaa.fi\/?page_id=259\" class=\"more-link\">Jatka lukemista<span class=\"screen-reader-text\"> &#8221;LISENSSI- JA MAKSUEHDOT&#8221;<\/span><\/a><\/p>\n","protected":false},"author":2,"featured_media":0,"parent":0,"menu_order":0,"comment_status":"closed","ping_status":"closed","template":"","meta":{"footnotes":""},"class_list":["post-259","page","type-page","status-publish","hentry"],"_links":{"self":[{"href":"https:\/\/kauppa.kaurismaa.fi\/index.php?rest_route=\/wp\/v2\/pages\/259","targetHints":{"allow":["GET"]}}],"collection":[{"href":"https:\/\/kauppa.kaurismaa.fi\/index.php?rest_route=\/wp\/v2\/pages"}],"about":[{"href":"https:\/\/kauppa.kaurismaa.fi\/index.php?rest_route=\/wp\/v2\/types\/page"}],"author":[{"embeddable":true,"href":"https:\/\/kauppa.kaurismaa.fi\/index.php?rest_route=\/wp\/v2\/users\/2"}],"replies":[{"embeddable":true,"href":"https:\/\/kauppa.kaurismaa.fi\/index.php?rest_route=%2Fwp%2Fv2%2Fcomments&post=259"}],"version-history":[{"count":5,"href":"https:\/\/kauppa.kaurismaa.fi\/index.php?rest_route=\/wp\/v2\/pages\/259\/revisions"}],"predecessor-version":[{"id":1557,"href":"https:\/\/kauppa.kaurismaa.fi\/index.php?rest_route=\/wp\/v2\/pages\/259\/revisions\/1557"}],"wp:attachment":[{"href":"https:\/\/kauppa.kaurismaa.fi\/index.php?rest_route=%2Fwp%2Fv2%2Fmedia&parent=259"}],"curies":[{"name":"wp","href":"https:\/\/api.w.org\/{rel}","templated":true}]}}